{"id":8374,"date":"2024-05-31T22:41:40","date_gmt":"2024-05-31T22:41:40","guid":{"rendered":"https:\/\/www.clvstrongstartes.org\/es\/?page_id=8374"},"modified":"2025-04-10T16:39:12","modified_gmt":"2025-04-10T16:39:12","slug":"consejo-de-padres","status":"publish","type":"page","link":"https:\/\/www.clvstrongstartes.org\/es\/estudiantes-y-familias\/consejo-de-padres\/","title":{"rendered":"Consejo de padres"},"content":{"rendered":"<p>[vc_row full_width=\u00bbstretch_row\u00bb woodmart_bg_position=\u00bbleft-bottom\u00bb woodmart_disable_overflow=\u00bb1&#8243; css=\u00bb.vc_custom_1717194766873{margin-top: -40px !important;padding-top: 40px !important;padding-bottom: 45px !important;background-color: #f3f3f3 !important;background-position: 0 0 !important;background-repeat: no-repeat !important;}\u00bb mobile_bg_img_hidden=\u00bbno\u00bb tablet_bg_img_hidden=\u00bbno\u00bb woodmart_parallax=\u00bb0&#8243; woodmart_gradient_switch=\u00bbno\u00bb row_reverse_mobile=\u00bb0&#8243; row_reverse_tablet=\u00bb0&#8243; woodmart_css_id=\u00bb665a500b0043d\u00bb responsive_spacing=\u00bbeyJwYXJhbV90eXBlIjoid29vZG1hcnRfcmVzcG9uc2l2ZV9zcGFjaW5nIiwic2VsZWN0b3JfaWQiOiI2NjVhNTAwYjAwNDNkIiwic2hvcnRjb2RlIjoidmNfcm93IiwiZGF0YSI6eyJ0YWJsZXQiOnsicGFkZGluZy10b3AiOiI4MHB4IiwicGFkZGluZy1ib3R0b20iOiI0MHB4In0sIm1vYmlsZSI6eyJwYWRkaW5nLWJvdHRvbSI6IjIwcHgifX19&#8243; woodmart_box_shadow=\u00bbno\u00bb wd_z_index=\u00bbno\u00bb el_class=\u00bbsection-four\u00bb el_id=\u00bbsection-four\u00bb][vc_column 0=\u00bb\u00bb woodmart_css_id=\u00bb60f6db41c3970&#8243; responsive_spacing=\u00bbeyJwYXJhbV90eXBlIjoid29vZG1hcnRfcmVzcG9uc2l2ZV9zcGFjaW5nIiwic2VsZWN0b3JfaWQiOiI2MGY2ZGI0MWMzOTcwIiwic2hvcnRjb2RlIjoidmNfY29sdW1uIiwiZGF0YSI6eyJ0YWJsZXQiOnt9LCJtb2JpbGUiOnt9fX0=\u00bb parallax_scroll=\u00bbno\u00bb mobile_bg_img_hidden=\u00bbno\u00bb tablet_bg_img_hidden=\u00bbno\u00bb woodmart_parallax=\u00bb0&#8243; woodmart_sticky_column=\u00bbfalse\u00bb mobile_reset_margin=\u00bbno\u00bb tablet_reset_margin=\u00bbno\u00bb css=\u00bb.vc_custom_1626790724321{padding-top: 0px !important;}\u00bb][vc_row_inner content_placement=\u00bbmiddle\u00bb woodmart_css_id=\u00bb665a5037429d9&#8243; responsive_spacing=\u00bbeyJwYXJhbV90eXBlIjoid29vZG1hcnRfcmVzcG9uc2l2ZV9zcGFjaW5nIiwic2VsZWN0b3JfaWQiOiI2NjVhNTAzNzQyOWQ5Iiwic2hvcnRjb2RlIjoidmNfcm93X2lubmVyIiwiZGF0YSI6eyJ0YWJsZXQiOnsicGFkZGluZy10b3AiOiI0MHB4In0sIm1vYmlsZSI6e319fQ==\u00bb mobile_bg_img_hidden=\u00bbno\u00bb tablet_bg_img_hidden=\u00bbno\u00bb woodmart_parallax=\u00bb0&#8243; woodmart_gradient_switch=\u00bbno\u00bb woodmart_box_shadow=\u00bbno\u00bb wd_z_index=\u00bbno\u00bb woodmart_disable_overflow=\u00bb0&#8243; row_reverse_mobile=\u00bb0&#8243; row_reverse_tablet=\u00bb0&#8243;][vc_column_inner width=\u00bb1\/2&#8243;]\n\t\t<div id=\"wd-665a51c69c2df\" class=\"title-wrapper wd-wpb set-mb-s reset-last-child  wd-rs-665a51c69c2df wd-title-color-default wd-title-style-default wd-width-100 text-left vc_custom_1717195248981 wd-underline-colored\">\n\t\t\t\n\t\t\t<div class=\"liner-continer\">\n\t\t\t\t<h2 class=\"woodmart-title-container title  wd-font-weight- wd-fontsize-xl\" >\u00bfQu\u00e9 es el Consejo de Padres de Strong Start Academy?<\/h2>\n\t\t\t\t\t\t\t<\/div>\n\t\t\t\n\t\t\t\n\t\t\t\n\t\t<\/div>\n\t\t\n\t\t\t\t<div id=\"wd-665a5266d89ed\" class=\"wd-text-block wd-wpb reset-last-child wd-rs-665a5266d89ed wd-width-100 text-left \">\n\t\t\t<p>El prop\u00f3sito de este grupo es alentar y facilitar la participaci\u00f3n de los padres en las actividades escolares y los procesos para tomar decisiones. Cuando los padres participan en los asuntos escolares, se crea un ambiente positivo y de apoyo para los estudiantes. Cuando la mayor\u00eda de los padres participan en la escuela esto est\u00e1 relacionado con un mejor rendimiento acad\u00e9mico, mejoras en la asistencia y una reducci\u00f3n de los problemas de conducta entre los estudiantes. El Consejo de Padres tambi\u00e9n tiene como objetivo ayudar a construir un sentido de comunidad entre padres, maestros y estudiantes. El Consejo de Padres organizar\u00e1 eventos sociales, actividades orientadas a la familia y proyectos colaborativos que unir\u00e1n a la comunidad escolar. Este sentido de comunidad crear\u00e1 una red de apoyo, promover\u00e1 el esp\u00edritu escolar y fortalecer\u00e1 la cultura escolar en general.<\/p>\n<h3>\u00bfC\u00f3mo puedo involucrarme?<\/h3>\n<p>Simplemente env\u00ede un correo electr\u00f3nico a: <a href=\"mailto:SSAESPARENTGROUP@clvstrongstartes.org\">SSAESPARENTGROUP@clvstrongstartes.org<\/a><\/p>\n\t\t<\/div>\n\t\t[\/vc_column_inner][vc_column_inner width=\u00bb1\/2&#8243;][vc_single_image image=\u00bb8475&#8243; img_size=\u00bbfull\u00bb alignment=\u00bbcenter\u00bb parallax_scroll=\u00bbno\u00bb woodmart_inline=\u00bbno\u00bb css=\u00bb.vc_custom_1744303148630{margin-bottom: 0px !important;}\u00bb][\/vc_column_inner][\/vc_row_inner][\/vc_column][\/vc_row]<\/p>\n","protected":false},"excerpt":{"rendered":"<p>[vc_row full_width=\u00bbstretch_row\u00bb woodmart_bg_position=\u00bbleft-bottom\u00bb woodmart_disable_overflow=\u00bb1&#8243; css=\u00bb.vc_custom_1717194766873{margin-top: -40px !important;padding-top: 40px !important;padding-bottom: 45px !important;background-color: #f3f3f3 !important;background-position: 0 0 !important;background-repeat: no-repeat !important;}\u00bb mobile_bg_img_hidden=\u00bbno\u00bb tablet_bg_img_hidden=\u00bbno\u00bb<\/p>\n","protected":false},"author":1,"featured_media":0,"parent":7813,"menu_order":0,"comment_status":"closed","ping_status":"closed","template":"","meta":{"footnotes":""},"class_list":["post-8374","page","type-page","status-publish","hentry"],"_links":{"self":[{"href":"https:\/\/www.clvstrongstartes.org\/es\/wp-json\/wp\/v2\/pages\/8374","targetHints":{"allow":["GET"]}}],"collection":[{"href":"https:\/\/www.clvstrongstartes.org\/es\/wp-json\/wp\/v2\/pages"}],"about":[{"href":"https:\/\/www.clvstrongstartes.org\/es\/wp-json\/wp\/v2\/types\/page"}],"author":[{"embeddable":true,"href":"https:\/\/www.clvstrongstartes.org\/es\/wp-json\/wp\/v2\/users\/1"}],"replies":[{"embeddable":true,"href":"https:\/\/www.clvstrongstartes.org\/es\/wp-json\/wp\/v2\/comments?post=8374"}],"version-history":[{"count":4,"href":"https:\/\/www.clvstrongstartes.org\/es\/wp-json\/wp\/v2\/pages\/8374\/revisions"}],"predecessor-version":[{"id":8476,"href":"https:\/\/www.clvstrongstartes.org\/es\/wp-json\/wp\/v2\/pages\/8374\/revisions\/8476"}],"up":[{"embeddable":true,"href":"https:\/\/www.clvstrongstartes.org\/es\/wp-json\/wp\/v2\/pages\/7813"}],"wp:attachment":[{"href":"https:\/\/www.clvstrongstartes.org\/es\/wp-json\/wp\/v2\/media?parent=8374"}],"curies":[{"name":"wp","href":"https:\/\/api.w.org\/{rel}","templated":true}]}}