{"id":7948,"date":"2022-12-28T20:02:32","date_gmt":"2022-12-28T20:02:32","guid":{"rendered":"https:\/\/www.clvstrongstartes.org\/es\/?page_id=7948"},"modified":"2025-11-26T23:22:16","modified_gmt":"2025-11-26T23:22:16","slug":"aplica-ahora","status":"publish","type":"page","link":"https:\/\/www.clvstrongstartes.org\/es\/aplica-ahora\/","title":{"rendered":"Aplica ahora"},"content":{"rendered":"<p>[vc_row full_width=\u00bbstretch_row\u00bb css=\u00bb.vc_custom_1672255518227{padding-bottom: 25px !important;}\u00bb woodmart_css_id=\u00bb63ac980f10351&#8243; responsive_spacing=\u00bbeyJwYXJhbV90eXBlIjoid29vZG1hcnRfcmVzcG9uc2l2ZV9zcGFjaW5nIiwic2VsZWN0b3JfaWQiOiI2M2FjOTgwZjEwMzUxIiwic2hvcnRjb2RlIjoidmNfcm93IiwiZGF0YSI6eyJ0YWJsZXQiOnt9LCJtb2JpbGUiOnt9fX0=\u00bb mobile_bg_img_hidden=\u00bbno\u00bb tablet_bg_img_hidden=\u00bbno\u00bb woodmart_parallax=\u00bb0&#8243; woodmart_gradient_switch=\u00bbno\u00bb woodmart_box_shadow=\u00bbno\u00bb wd_z_index=\u00bbno\u00bb woodmart_disable_overflow=\u00bb0&#8243; row_reverse_mobile=\u00bb0&#8243; row_reverse_tablet=\u00bb0&#8243; el_class=\u00bbpopup-template\u00bb][vc_column][vc_row_inner][vc_column_inner]\n\t\t<div id=\"wd-63b30db885a6a\" class=\"title-wrapper wd-wpb set-mb-s reset-last-child  wd-rs-63b30db885a6a wd-title-color-primary wd-title-style-default wd-width-100 text-center vc_custom_1672678844339 wd-underline-colored\">\n\t\t\t\n\t\t\t<div class=\"liner-continer\">\n\t\t\t\t<h1 class=\"woodmart-title-container title  wd-font-weight- wd-fontsize-xl\" >Inscripci\u00f3n<\/h1>\n\t\t\t\t\t\t\t<\/div>\n\t\t\t\n\t\t\t\t\t\t\t<div class=\"title-after_title  set-cont-mb-s reset-last-child  wd-fontsize-s\">Contamos con un equipo altamente calificado que dedica sus esfuerzos para que cada estudiante logre el \u00e9xito acad\u00e9mico y valora la singularidad de cada ni\u00f1o. Estamos orgullosos de ofrecer aulas m\u00e1s peque\u00f1as, instrucci\u00f3n biling\u00fce en espa\u00f1ol e ingl\u00e9s, y un personal con mucha experiencia que trabajar\u00e1 arduamente para que cada estudiante est\u00e9 al nivel de su grado o por encima.<\/div>\n\t\t\t\n\t\t\t\n\t\t<\/div>\n\t\t\n\t\t[\/vc_column_inner][\/vc_row_inner][vc_row_inner][vc_column_inner width=\u00bb1\/4&#8243;][\/vc_column_inner][vc_column_inner width=\u00bb1\/4&#8243;]\t\t\t<div class=\"info-box-wrapper\">\n\t\t\t\t<div id=\"wd-672d15849449d\" class=\" wd-rs-672d15849449d wd-info-box wd-wpb text-center box-icon-align-top box-style-shadow color-scheme- wd-bg-none board-meeting-element with-btn box-btn-static \"  >\n\t\t\t\t\t\t\t\t\t\t\t<div class=\"box-icon-wrapper  box-with-icon box-icon-simple\">\n\t\t\t\t\t\t\t<div class=\"info-box-icon\">\n\n\t\t\t\t\t\t\t\n\t\t\t\t\t\t\t\t\t\t\t\t\t\t\t\t\t<img loading=\"lazy\" decoding=\"async\" class=\"info-icon image-1 \" src=\"https:\/\/www.clvstrongstartes.org\/es\/wp-content\/uploads\/2022\/12\/Enrollment-50x50.png\" width=\"50\" height=\"50\" alt=\"Enrollment\" title=\"Enrollment\" \/>\t\t\t\t\t\t\t\t\t\t\t\t\t\t\t\n\t\t\t\t\t\t\t<\/div>\n\t\t\t\t\t\t<\/div>\n\t\t\t\t\t\t\t\t\t\t<div class=\"info-box-content\">\n\t\t\t\t\t\t<h4 class=\"info-box-title title wd-font-weight- box-title-style-default wd-fontsize-m\">2025-2026<\/h4>\t\t\t\t\t\t<div class=\"info-box-inner set-cont-mb-s reset-last-child\">\n\t\t\t\t\t\t\t\t\t\t\t\t\t<\/div>\n\n\t\t\t\t\t\t<div class=\"info-btn-wrapper\"><div id=\"wd-69f37e817d604\" class=\"  wd-button-wrapper text-center\"><a href=\"https:\/\/docs.google.com\/forms\/d\/e\/1FAIpQLSfAJZN1mR1SPjso34iMMxebT-WHLPsrh10Y0b-VdG_PGEb-tg\/viewform?usp=sf_link\" title=\"\" target=\"_blank\" class=\"btn btn-color-alt btn-style-default btn-style-rectangle btn-size-small\">Seleccionar opci\u00f3n<\/a><\/div><\/div>\t\t\t\t\t<\/div>\n\n\t\t\t\t\t\t\t\t\t<\/div>\n\t\t\t<\/div>\n\t\t[\/vc_column_inner][vc_column_inner width=\u00bb1\/4&#8243;]\t\t\t<div class=\"info-box-wrapper\">\n\t\t\t\t<div id=\"wd-69278b995a772\" class=\" wd-rs-69278b995a772 wd-info-box wd-wpb text-center box-icon-align-top box-style-shadow color-scheme- wd-bg-none board-meeting-element with-btn box-btn-static \"  >\n\t\t\t\t\t\t\t\t\t\t\t<div class=\"box-icon-wrapper  box-with-icon box-icon-simple\">\n\t\t\t\t\t\t\t<div class=\"info-box-icon\">\n\n\t\t\t\t\t\t\t\n\t\t\t\t\t\t\t\t\t\t\t\t\t\t\t\t\t<img loading=\"lazy\" decoding=\"async\" class=\"info-icon image-1 \" src=\"https:\/\/www.clvstrongstartes.org\/es\/wp-content\/uploads\/2022\/12\/Enrollment-50x50.png\" width=\"50\" height=\"50\" alt=\"Enrollment\" title=\"Enrollment\" \/>\t\t\t\t\t\t\t\t\t\t\t\t\t\t\t\n\t\t\t\t\t\t\t<\/div>\n\t\t\t\t\t\t<\/div>\n\t\t\t\t\t\t\t\t\t\t<div class=\"info-box-content\">\n\t\t\t\t\t\t<h4 class=\"info-box-title title wd-font-weight- box-title-style-default wd-fontsize-m\">2026-2027<\/h4>\t\t\t\t\t\t<div class=\"info-box-inner set-cont-mb-s reset-last-child\">\n\t\t\t\t\t\t\t\t\t\t\t\t\t<\/div>\n\n\t\t\t\t\t\t<div class=\"info-btn-wrapper\"><div id=\"wd-69f37e817d999\" class=\"  wd-button-wrapper text-center\"><a href=\"https:\/\/docs.google.com\/forms\/d\/e\/1FAIpQLScydLsipecws2ubmseRlfNOUzXH1QW8C4N3DQ-2UZa8KtHbIA\/viewform?usp=sharing&ouid=112984249632655288312\" title=\"\" target=\"_blank\" class=\"btn btn-color-alt btn-style-default btn-style-rectangle btn-size-small\">Seleccionar opci\u00f3n<\/a><\/div><\/div>\t\t\t\t\t<\/div>\n\n\t\t\t\t\t\t\t\t\t<\/div>\n\t\t\t<\/div>\n\t\t[\/vc_column_inner][vc_column_inner width=\u00bb1\/4&#8243;][\/vc_column_inner][\/vc_row_inner][\/vc_column][\/vc_row]<\/p>\n","protected":false},"excerpt":{"rendered":"<p>[vc_row full_width=\u00bbstretch_row\u00bb css=\u00bb.vc_custom_1672255518227{padding-bottom: 25px !important;}\u00bb woodmart_css_id=\u00bb63ac980f10351&#8243; responsive_spacing=\u00bbeyJwYXJhbV90eXBlIjoid29vZG1hcnRfcmVzcG9uc2l2ZV9zcGFjaW5nIiwic2VsZWN0b3JfaWQiOiI2M2FjOTgwZjEwMzUxIiwic2hvcnRjb2RlIjoidmNfcm93IiwiZGF0YSI6eyJ0YWJsZXQiOnt9LCJtb2JpbGUiOnt9fX0=\u00bb mobile_bg_img_hidden=\u00bbno\u00bb tablet_bg_img_hidden=\u00bbno\u00bb woodmart_parallax=\u00bb0&#8243; woodmart_gradient_switch=\u00bbno\u00bb woodmart_box_shadow=\u00bbno\u00bb wd_z_index=\u00bbno\u00bb woodmart_disable_overflow=\u00bb0&#8243; row_reverse_mobile=\u00bb0&#8243; row_reverse_tablet=\u00bb0&#8243; el_class=\u00bbpopup-template\u00bb][vc_column][vc_row_inner][vc_column_inner][\/vc_column_inner][\/vc_row_inner][vc_row_inner][vc_column_inner width=\u00bb1\/4&#8243;][\/vc_column_inner][vc_column_inner width=\u00bb1\/4&#8243;][\/vc_column_inner][vc_column_inner width=\u00bb1\/4&#8243;][\/vc_column_inner][vc_column_inner<\/p>\n","protected":false},"author":1,"featured_media":0,"parent":0,"menu_order":0,"comment_status":"closed","ping_status":"closed","template":"","meta":{"footnotes":""},"class_list":["post-7948","page","type-page","status-publish","hentry"],"_links":{"self":[{"href":"https:\/\/www.clvstrongstartes.org\/es\/wp-json\/wp\/v2\/pages\/7948","targetHints":{"allow":["GET"]}}],"collection":[{"href":"https:\/\/www.clvstrongstartes.org\/es\/wp-json\/wp\/v2\/pages"}],"about":[{"href":"https:\/\/www.clvstrongstartes.org\/es\/wp-json\/wp\/v2\/types\/page"}],"author":[{"embeddable":true,"href":"https:\/\/www.clvstrongstartes.org\/es\/wp-json\/wp\/v2\/users\/1"}],"replies":[{"embeddable":true,"href":"https:\/\/www.clvstrongstartes.org\/es\/wp-json\/wp\/v2\/comments?post=7948"}],"version-history":[{"count":15,"href":"https:\/\/www.clvstrongstartes.org\/es\/wp-json\/wp\/v2\/pages\/7948\/revisions"}],"predecessor-version":[{"id":8529,"href":"https:\/\/www.clvstrongstartes.org\/es\/wp-json\/wp\/v2\/pages\/7948\/revisions\/8529"}],"wp:attachment":[{"href":"https:\/\/www.clvstrongstartes.org\/es\/wp-json\/wp\/v2\/media?parent=7948"}],"curies":[{"name":"wp","href":"https:\/\/api.w.org\/{rel}","templated":true}]}}