{"id":7934,"date":"2022-12-28T18:42:27","date_gmt":"2022-12-28T18:42:27","guid":{"rendered":"https:\/\/www.clvstrongstartes.org\/es\/?page_id=7934"},"modified":"2025-11-26T23:27:30","modified_gmt":"2025-11-26T23:27:30","slug":"politica-de-loteria-de-inscripcion","status":"publish","type":"page","link":"https:\/\/www.clvstrongstartes.org\/es\/estudiantes-y-familias\/politica-de-loteria-de-inscripcion\/","title":{"rendered":"Pol\u00edtica de loter\u00eda de inscripci\u00f3n"},"content":{"rendered":"<p>[vc_row full_width=\u00bbstretch_row\u00bb woodmart_bg_position=\u00bbleft-bottom\u00bb woodmart_disable_overflow=\u00bb1&#8243; css=\u00bb.vc_custom_1672252473743{padding-bottom: 45px !important;background-color: #f3f3f3 !important;background-position: 0 0 !important;background-repeat: no-repeat !important;}\u00bb mobile_bg_img_hidden=\u00bbno\u00bb tablet_bg_img_hidden=\u00bbno\u00bb woodmart_parallax=\u00bb0&#8243; woodmart_gradient_switch=\u00bbno\u00bb row_reverse_mobile=\u00bb0&#8243; row_reverse_tablet=\u00bb0&#8243; woodmart_css_id=\u00bb63ac8c326d931&#8243; responsive_spacing=\u00bbeyJwYXJhbV90eXBlIjoid29vZG1hcnRfcmVzcG9uc2l2ZV9zcGFjaW5nIiwic2VsZWN0b3JfaWQiOiI2M2FjOGMzMjZkOTMxIiwic2hvcnRjb2RlIjoidmNfcm93IiwiZGF0YSI6eyJ0YWJsZXQiOnsicGFkZGluZy1ib3R0b20iOiI0MHB4In0sIm1vYmlsZSI6eyJwYWRkaW5nLWJvdHRvbSI6IjIwcHgifX19&#8243; woodmart_box_shadow=\u00bbno\u00bb wd_z_index=\u00bbno\u00bb el_class=\u00bbsection-four\u00bb el_id=\u00bbsection-four\u00bb][vc_column 0=\u00bb\u00bb woodmart_css_id=\u00bb60f6db41c3970&#8243; responsive_spacing=\u00bbeyJwYXJhbV90eXBlIjoid29vZG1hcnRfcmVzcG9uc2l2ZV9zcGFjaW5nIiwic2VsZWN0b3JfaWQiOiI2MGY2ZGI0MWMzOTcwIiwic2hvcnRjb2RlIjoidmNfY29sdW1uIiwiZGF0YSI6eyJ0YWJsZXQiOnt9LCJtb2JpbGUiOnt9fX0=\u00bb parallax_scroll=\u00bbno\u00bb mobile_bg_img_hidden=\u00bbno\u00bb tablet_bg_img_hidden=\u00bbno\u00bb woodmart_parallax=\u00bb0&#8243; woodmart_sticky_column=\u00bbfalse\u00bb mobile_reset_margin=\u00bbno\u00bb tablet_reset_margin=\u00bbno\u00bb css=\u00bb.vc_custom_1626790724321{padding-top: 0px !important;}\u00bb]\n\t\t<div id=\"wd-63ac8d913afc5\" class=\"title-wrapper wd-wpb set-mb-s reset-last-child  wd-rs-63ac8d913afc5 wd-title-color-default wd-title-style-default wd-width-100 text-center vc_custom_1672252833450 wd-underline-colored\">\n\t\t\t\n\t\t\t<div class=\"liner-continer\">\n\t\t\t\t<h2 class=\"woodmart-title-container title  wd-font-weight- wd-fontsize-xl\" >POL\u00cdTICA DE LOTER\u00cdA<\/h2>\n\t\t\t\t\t\t\t<\/div>\n\t\t\t\n\t\t\t\n\t\t\t\n\t\t<\/div>\n\t\t\n\t\t[vc_row_inner][vc_column_inner width=\u00bb1\/2&#8243;][vc_single_image image=\u00bb8530&#8243; img_size=\u00bbfull\u00bb alignment=\u00bbcenter\u00bb onclick=\u00bblink_image\u00bb parallax_scroll=\u00bbno\u00bb woodmart_inline=\u00bbno\u00bb css=\u00bb.vc_custom_1764199626260{margin-bottom: 0px !important;}\u00bb][\/vc_column_inner][vc_column_inner width=\u00bb1\/2&#8243;][vc_single_image image=\u00bb8531&#8243; img_size=\u00bbfull\u00bb alignment=\u00bbcenter\u00bb onclick=\u00bblink_image\u00bb parallax_scroll=\u00bbno\u00bb woodmart_inline=\u00bbno\u00bb css=\u00bb.vc_custom_1764199639522{margin-bottom: 0px !important;}\u00bb][\/vc_column_inner][\/vc_row_inner]<div id=\"wd-69278cdb80546\" class=\" wd-rs-69278cdb80546  wd-button-wrapper text-center\"><a href=\"https:\/\/www.clvstrongstartes.org\/wp-content\/uploads\/2025\/11\/26-27-Enrollment_Lottery-Policy-Spanish.pdf\" title=\"\" target=\"_blank\" class=\"btn btn-color-black btn-style-default btn-style-rectangle btn-size-default btn-icon-pos-right\">Descargar PDF<span class=\"wd-btn-icon\"><span class=\"wd-icon fas fa-file-download\"><\/span><\/span><\/a><\/div>[\/vc_column][\/vc_row]<\/p>\n","protected":false},"excerpt":{"rendered":"<p>[vc_row full_width=\u00bbstretch_row\u00bb woodmart_bg_position=\u00bbleft-bottom\u00bb woodmart_disable_overflow=\u00bb1&#8243; css=\u00bb.vc_custom_1672252473743{padding-bottom: 45px !important;background-color: #f3f3f3 !important;background-position: 0 0 !important;background-repeat: no-repeat !important;}\u00bb mobile_bg_img_hidden=\u00bbno\u00bb tablet_bg_img_hidden=\u00bbno\u00bb woodmart_parallax=\u00bb0&#8243; woodmart_gradient_switch=\u00bbno\u00bb row_reverse_mobile=\u00bb0&#8243; row_reverse_tablet=\u00bb0&#8243;<\/p>\n","protected":false},"author":1,"featured_media":0,"parent":7813,"menu_order":0,"comment_status":"closed","ping_status":"closed","template":"","meta":{"footnotes":""},"class_list":["post-7934","page","type-page","status-publish","hentry"],"_links":{"self":[{"href":"https:\/\/www.clvstrongstartes.org\/es\/wp-json\/wp\/v2\/pages\/7934","targetHints":{"allow":["GET"]}}],"collection":[{"href":"https:\/\/www.clvstrongstartes.org\/es\/wp-json\/wp\/v2\/pages"}],"about":[{"href":"https:\/\/www.clvstrongstartes.org\/es\/wp-json\/wp\/v2\/types\/page"}],"author":[{"embeddable":true,"href":"https:\/\/www.clvstrongstartes.org\/es\/wp-json\/wp\/v2\/users\/1"}],"replies":[{"embeddable":true,"href":"https:\/\/www.clvstrongstartes.org\/es\/wp-json\/wp\/v2\/comments?post=7934"}],"version-history":[{"count":8,"href":"https:\/\/www.clvstrongstartes.org\/es\/wp-json\/wp\/v2\/pages\/7934\/revisions"}],"predecessor-version":[{"id":8532,"href":"https:\/\/www.clvstrongstartes.org\/es\/wp-json\/wp\/v2\/pages\/7934\/revisions\/8532"}],"up":[{"embeddable":true,"href":"https:\/\/www.clvstrongstartes.org\/es\/wp-json\/wp\/v2\/pages\/7813"}],"wp:attachment":[{"href":"https:\/\/www.clvstrongstartes.org\/es\/wp-json\/wp\/v2\/media?parent=7934"}],"curies":[{"name":"wp","href":"https:\/\/api.w.org\/{rel}","templated":true}]}}