{"id":7242,"date":"2022-04-18T22:30:36","date_gmt":"2022-04-18T22:30:36","guid":{"rendered":"https:\/\/pruebas.keoskohosting.com\/strong\/?page_id=7242"},"modified":"2023-02-10T19:59:12","modified_gmt":"2023-02-10T19:59:12","slug":"mision","status":"publish","type":"page","link":"https:\/\/www.clvstrongstartes.org\/es\/nosotros\/mision\/","title":{"rendered":"Misi\u00f3n"},"content":{"rendered":"<p>[vc_row full_width=\u00bbstretch_row\u00bb content_placement=\u00bbmiddle\u00bb woodmart_disable_overflow=\u00bb1&#8243; woodmart_css_id=\u00bb63e66f12185c0&#8243; responsive_spacing=\u00bbeyJwYXJhbV90eXBlIjoid29vZG1hcnRfcmVzcG9uc2l2ZV9zcGFjaW5nIiwic2VsZWN0b3JfaWQiOiI2M2U2NmYxMjE4NWMwIiwic2hvcnRjb2RlIjoidmNfcm93IiwiZGF0YSI6eyJ0YWJsZXQiOnsibWFyZ2luLWJvdHRvbSI6IjYwcHgifSwibW9iaWxlIjp7Im1hcmdpbi1ib3R0b20iOiI0MHB4In19fQ==\u00bb mobile_bg_img_hidden=\u00bbno\u00bb tablet_bg_img_hidden=\u00bbno\u00bb woodmart_parallax=\u00bb0&#8243; woodmart_gradient_switch=\u00bbno\u00bb row_reverse_mobile=\u00bb1&#8243; row_reverse_tablet=\u00bb1&#8243; woodmart_box_shadow=\u00bbno\u00bb wd_z_index=\u00bbno\u00bb css=\u00bb.vc_custom_1676046101463{padding-bottom: 40px !important;}\u00bb el_class=\u00bbabout-us\u00bb][vc_column 0=\u00bb\u00bb width=\u00bb1\/2&#8243; woodmart_css_id=\u00bb60f6db3d60308&#8243; responsive_spacing=\u00bbeyJwYXJhbV90eXBlIjoid29vZG1hcnRfcmVzcG9uc2l2ZV9zcGFjaW5nIiwic2VsZWN0b3JfaWQiOiI2MGY2ZGIzZDYwMzA4Iiwic2hvcnRjb2RlIjoidmNfY29sdW1uIiwiZGF0YSI6eyJ0YWJsZXQiOnt9LCJtb2JpbGUiOnt9fX0=\u00bb parallax_scroll=\u00bbno\u00bb mobile_bg_img_hidden=\u00bbno\u00bb tablet_bg_img_hidden=\u00bbno\u00bb woodmart_parallax=\u00bb0&#8243; woodmart_sticky_column=\u00bbfalse\u00bb mobile_reset_margin=\u00bbno\u00bb tablet_reset_margin=\u00bbno\u00bb css=\u00bb.vc_custom_1626790719905{padding-top: 0px !important;}\u00bb][vc_single_image image=\u00bb8033&#8243; img_size=\u00bbfull\u00bb alignment=\u00bbcenter\u00bb parallax_scroll=\u00bbno\u00bb woodmart_inline=\u00bbno\u00bb css=\u00bb.vc_custom_1676059146639{margin-bottom: 0px !important;}\u00bb][\/vc_column][vc_column width=\u00bb1\/2&#8243; el_class=\u00bbabout-us-right\u00bb woodmart_css_id=\u00bb63e66f19d8098&#8243; parallax_scroll=\u00bbno\u00bb woodmart_sticky_column=\u00bbfalse\u00bb wd_collapsible_content_switcher=\u00bbno\u00bb wd_column_role_offcanvas_desktop=\u00bbno\u00bb wd_column_role_offcanvas_tablet=\u00bbno\u00bb wd_column_role_offcanvas_mobile=\u00bbno\u00bb wd_column_role_content_desktop=\u00bbno\u00bb wd_column_role_content_tablet=\u00bbno\u00bb wd_column_role_content_mobile=\u00bbno\u00bb mobile_bg_img_hidden=\u00bbno\u00bb tablet_bg_img_hidden=\u00bbno\u00bb woodmart_parallax=\u00bb0&#8243; woodmart_box_shadow=\u00bbno\u00bb responsive_spacing=\u00bbeyJwYXJhbV90eXBlIjoid29vZG1hcnRfcmVzcG9uc2l2ZV9zcGFjaW5nIiwic2VsZWN0b3JfaWQiOiI2M2U2NmYxOWQ4MDk4Iiwic2hvcnRjb2RlIjoidmNfY29sdW1uIiwiZGF0YSI6eyJ0YWJsZXQiOnt9LCJtb2JpbGUiOnt9fX0=\u00bb mobile_reset_margin=\u00bbno\u00bb tablet_reset_margin=\u00bbno\u00bb wd_z_index=\u00bbno\u00bb][vc_column_text woodmart_inline=\u00bbno\u00bb text_larger=\u00bbno\u00bb]<\/p>\n<div id=\"wd-625dd423aa2ab\" class=\"title-wrapper wd-wpb set-mb-s reset-last-child wd-rs-625dd423aa2ab wd-title-color-default wd-title-style-default wd-width-100 text-center vc_custom_1650316349562 wd-underline-colored\">\n<div class=\"title-after_title set-cont-mb-s reset-last-child wd-fontsize-s\" style=\"text-align: center;\">\n<h2 style=\"text-align: left;\"><span style=\"color: #003399;\"><strong>Misi\u00f3n<\/strong><\/span><\/h2>\n<div id=\"wd-625dd423aa2ab\" class=\"title-wrapper wd-wpb set-mb-s reset-last-child wd-rs-625dd423aa2ab wd-title-color-default wd-title-style-default wd-width-100 text-center vc_custom_1650316349562 wd-underline-colored\">\n<div class=\"title-after_title set-cont-mb-s reset-last-child wd-fontsize-s\" style=\"text-align: center;\">\n<p style=\"text-align: left;\"><span style=\"font-weight: 400; color: #000000;\">En la Escuela Primaria Strong Start Academy, nuestra misi\u00f3n es brindar una educaci\u00f3n equitativa y de la m\u00e1s alta calidad, mientras preparamos a una generaci\u00f3n biling\u00fce y c\u00edvica que pueda alcanzar su m\u00e1ximo potencial, tanto en su comunidad como en el mundo.<\/span><\/p>\n<p style=\"text-align: left;\"><span style=\"font-weight: 400; color: #000000;\">En SSAES estamos comprometidos en crear un ambiente de alto rendimiento para todos nuestros estudiantes. Por ello, ofrecemos una educaci\u00f3n culturalmente enriquecedora, en donde los ni\u00f1os participan en un programa biling\u00fce que fomenta el desarrollo tanto del ingl\u00e9s como del espa\u00f1ol, respetando sus costumbres, ra\u00edces y el idioma que se habla en casa, reconociendo estos, como fortalezas.<\/span><\/p>\n<p style=\"text-align: left;\"><span style=\"font-weight: 400; color: #000000;\">Al combinar una educaci\u00f3n multiling\u00fce con nuestras altas expectativas, ayudaremos a cada uno de nuestros estudiantes a dar lo mejor de s\u00ed mismos y as\u00ed, obtener mayores logros prepar\u00e1ndolos para alcanzar el \u00e9xito en el siglo XXI.<\/span><\/p>\n<\/div>\n<\/div>\n<\/div>\n<\/div>\n<p>[\/vc_column_text][\/vc_column][\/vc_row]<\/p>\n","protected":false},"excerpt":{"rendered":"<p>[vc_row full_width=\u00bbstretch_row\u00bb content_placement=\u00bbmiddle\u00bb woodmart_disable_overflow=\u00bb1&#8243; woodmart_css_id=\u00bb63e66f12185c0&#8243; responsive_spacing=\u00bbeyJwYXJhbV90eXBlIjoid29vZG1hcnRfcmVzcG9uc2l2ZV9zcGFjaW5nIiwic2VsZWN0b3JfaWQiOiI2M2U2NmYxMjE4NWMwIiwic2hvcnRjb2RlIjoidmNfcm93IiwiZGF0YSI6eyJ0YWJsZXQiOnsibWFyZ2luLWJvdHRvbSI6IjYwcHgifSwibW9iaWxlIjp7Im1hcmdpbi1ib3R0b20iOiI0MHB4In19fQ==\u00bb mobile_bg_img_hidden=\u00bbno\u00bb tablet_bg_img_hidden=\u00bbno\u00bb woodmart_parallax=\u00bb0&#8243; woodmart_gradient_switch=\u00bbno\u00bb row_reverse_mobile=\u00bb1&#8243; row_reverse_tablet=\u00bb1&#8243; woodmart_box_shadow=\u00bbno\u00bb wd_z_index=\u00bbno\u00bb css=\u00bb.vc_custom_1676046101463{padding-bottom: 40px !important;}\u00bb el_class=\u00bbabout-us\u00bb][vc_column 0=\u00bb\u00bb width=\u00bb1\/2&#8243;<\/p>\n","protected":false},"author":1,"featured_media":0,"parent":8016,"menu_order":0,"comment_status":"closed","ping_status":"closed","template":"","meta":{"footnotes":""},"class_list":["post-7242","page","type-page","status-publish","hentry"],"_links":{"self":[{"href":"https:\/\/www.clvstrongstartes.org\/es\/wp-json\/wp\/v2\/pages\/7242","targetHints":{"allow":["GET"]}}],"collection":[{"href":"https:\/\/www.clvstrongstartes.org\/es\/wp-json\/wp\/v2\/pages"}],"about":[{"href":"https:\/\/www.clvstrongstartes.org\/es\/wp-json\/wp\/v2\/types\/page"}],"author":[{"embeddable":true,"href":"https:\/\/www.clvstrongstartes.org\/es\/wp-json\/wp\/v2\/users\/1"}],"replies":[{"embeddable":true,"href":"https:\/\/www.clvstrongstartes.org\/es\/wp-json\/wp\/v2\/comments?post=7242"}],"version-history":[{"count":19,"href":"https:\/\/www.clvstrongstartes.org\/es\/wp-json\/wp\/v2\/pages\/7242\/revisions"}],"predecessor-version":[{"id":8034,"href":"https:\/\/www.clvstrongstartes.org\/es\/wp-json\/wp\/v2\/pages\/7242\/revisions\/8034"}],"up":[{"embeddable":true,"href":"https:\/\/www.clvstrongstartes.org\/es\/wp-json\/wp\/v2\/pages\/8016"}],"wp:attachment":[{"href":"https:\/\/www.clvstrongstartes.org\/es\/wp-json\/wp\/v2\/media?parent=7242"}],"curies":[{"name":"wp","href":"https:\/\/api.w.org\/{rel}","templated":true}]}}