{"id":3873,"date":"2021-08-12T11:00:43","date_gmt":"2021-08-12T11:00:43","guid":{"rendered":"http:\/\/dummy.xtemos.com\/woodmart2\/?page_id=3873"},"modified":"2025-06-23T23:14:47","modified_gmt":"2025-06-23T23:14:47","slug":"home-base-light","status":"publish","type":"page","link":"https:\/\/www.clvstrongstartes.org\/es\/","title":{"rendered":"Home"},"content":{"rendered":"<p>[vc_row css=\u00bb.vc_custom_1650312590740{margin-top: -40px !important;margin-bottom: 0px !important;padding-top: 0px !important;}\u00bb mobile_bg_img_hidden=\u00bbno\u00bb woodmart_parallax=\u00bb0&#8243; woodmart_gradient_switch=\u00bbno\u00bb row_reverse_mobile=\u00bb0&#8243; row_reverse_tablet=\u00bb0&#8243; woodmart_disable_overflow=\u00bb0&#8243; wd_z_index=\u00bbno\u00bb woodmart_css_id=\u00bb625dc586cc250&#8243; responsive_spacing=\u00bbeyJwYXJhbV90eXBlIjoid29vZG1hcnRfcmVzcG9uc2l2ZV9zcGFjaW5nIiwic2VsZWN0b3JfaWQiOiI2MjVkYzU4NmNjMjUwIiwic2hvcnRjb2RlIjoidmNfcm93IiwiZGF0YSI6eyJ0YWJsZXQiOnt9LCJtb2JpbGUiOnsibWFyZ2luLWJvdHRvbSI6IjYwcHgifX19&#8243; tablet_bg_img_hidden=\u00bbno\u00bb woodmart_box_shadow=\u00bbno\u00bb el_class=\u00bbsection-one\u00bb el_id=\u00bbsection-one\u00bb][vc_column css=\u00bb.vc_custom_1496220809434{padding-top: 0px !important;}\u00bb]\n\t\t\t<!-- START Home1 REVOLUTION SLIDER 6.5.20 --><p class=\"rs-p-wp-fix\"><\/p>\n\t\t\t<rs-module-wrap id=\"rev_slider_6_1_wrapper\" data-source=\"gallery\" style=\"visibility:hidden;background:transparent;padding:0;margin:0px auto;margin-top:0;margin-bottom:0;\">\n\t\t\t\t<rs-module id=\"rev_slider_6_1\" style=\"\" data-version=\"6.5.20\">\n\t\t\t\t\t<rs-slides>\n\t\t\t\t\t\t<rs-slide style=\"position: absolute;\" data-key=\"rs-6\" data-title=\"Slide\" data-in=\"o:0;\" data-out=\"a:false;\">\n\t\t\t\t\t\t\t<img decoding=\"async\" src=\"\/\/www.clvstrongstartes.org\/es\/wp-content\/plugins\/revslider\/public\/assets\/assets\/dummy.png\" alt=\"Slide\" title=\"Home\" class=\"rev-slidebg tp-rs-img rs-lazyload\" data-lazyload=\"\/\/www.clvstrongstartes.org\/es\/wp-content\/plugins\/revslider\/public\/assets\/assets\/transparent.png\" data-no-retina>\n<!--\n\t\t\t\t\t\t\t--><rs-layer\n\t\t\t\t\t\t\t\tid=\"slider-6-slide-6-layer-0\" \n\t\t\t\t\t\t\t\tdata-type=\"image\"\n\t\t\t\t\t\t\t\tdata-rsp_ch=\"on\"\n\t\t\t\t\t\t\t\tdata-xy=\"x:c,c,c,l;xo:0,0,0,2px;y:m;\"\n\t\t\t\t\t\t\t\tdata-text=\"w:normal;s:20,20,20,4;l:0,0,0,6;\"\n\t\t\t\t\t\t\t\tdata-dim=\"w:2080px,2080px,2080px,972px;h:750px,750px,750px,350px;\"\n\t\t\t\t\t\t\t\tdata-frame_999=\"o:0;st:w;\"\n\t\t\t\t\t\t\t\tstyle=\"z-index:5;\"\n\t\t\t\t\t\t\t><img loading=\"lazy\" decoding=\"async\" src=\"\/\/www.clvstrongstartes.org\/es\/wp-content\/plugins\/revslider\/public\/assets\/assets\/dummy.png\" alt=\"\" class=\"tp-rs-img rs-lazyload\" width=\"2080\" height=\"750\" data-lazyload=\"\/\/www.clvstrongstartes.org\/es\/wp-content\/uploads\/revslider\/slider-1\/Home_english_banner.jpg\" data-no-retina> \n\t\t\t\t\t\t\t<\/rs-layer><!--\n\n\t\t\t\t\t\t\t--><rs-layer\n\t\t\t\t\t\t\t\tid=\"slider-6-slide-6-layer-1\" \n\t\t\t\t\t\t\t\tdata-type=\"shape\"\n\t\t\t\t\t\t\t\tdata-rsp_ch=\"on\"\n\t\t\t\t\t\t\t\tdata-xy=\"x:l,l,l,c;xo:-3px,-3px,-3px,-1px;y:t,t,t,m;yo:-4px,-4px,-4px,0;\"\n\t\t\t\t\t\t\t\tdata-text=\"w:normal;s:20,20,20,4;l:0,0,0,6;\"\n\t\t\t\t\t\t\t\tdata-dim=\"w:2085px,2085px,2085px,653px;h:1048,1048,1048,352px;\"\n\t\t\t\t\t\t\t\tdata-frame_999=\"o:0;st:w;\"\n\t\t\t\t\t\t\t\tstyle=\"z-index:6;background-color:rgba(0,0,0,0.5);\"\n\t\t\t\t\t\t\t> \n\t\t\t\t\t\t\t<\/rs-layer><!--\n\n\t\t\t\t\t\t\t--><rs-layer\n\t\t\t\t\t\t\t\tid=\"title-home\" \n\t\t\t\t\t\t\t\tdata-type=\"text\"\n\t\t\t\t\t\t\t\tdata-rsp_ch=\"on\"\n\t\t\t\t\t\t\t\tdata-xy=\"x:c;y:m;yo:-120px,-120px,-120px,-50px;\"\n\t\t\t\t\t\t\t\tdata-text=\"w:normal;s:57,57,57,20;l:67,67,67,27;fw:700;a:center;\"\n\t\t\t\t\t\t\t\tdata-dim=\"w:1063.99px,1063.99px,1063.99px,403.963px;\"\n\t\t\t\t\t\t\t\tdata-frame_999=\"o:0;st:w;\"\n\t\t\t\t\t\t\t\tstyle=\"z-index:7;font-family:'Roboto';\"\n\t\t\t\t\t\t\t>\u00a1SE ACEPTAN SOLICITUDES PARA EL A\u00d1O ESCOLAR 2026-2027! \n\t\t\t\t\t\t\t<\/rs-layer><!--\n\n\t\t\t\t\t\t\t--><a\n\t\t\t\t\t\t\t\tid=\"slider-6-slide-6-layer-3\" \n\t\t\t\t\t\t\t\tclass=\"rs-layer rev-btn\"\n\t\t\t\t\t\t\t\thref=\"\/es\/aplica-ahora\/\" target=\"_self\"\n\t\t\t\t\t\t\t\tdata-type=\"button\"\n\t\t\t\t\t\t\t\tdata-rsp_ch=\"on\"\n\t\t\t\t\t\t\t\tdata-xy=\"x:c;y:m;yo:50px,50px,50px,40px;\"\n\t\t\t\t\t\t\t\tdata-text=\"w:normal;s:22,22,22,17;l:40,40,40,8;fw:500;\"\n\t\t\t\t\t\t\t\tdata-dim=\"minh:0px,0px,0px,none;\"\n\t\t\t\t\t\t\t\tdata-padding=\"t:10,10,10,18;r:35,35,35,30;b:10,10,10,18;l:35,35,35,30;\"\n\t\t\t\t\t\t\t\tdata-border=\"bor:5px,5px,5px,5px;\"\n\t\t\t\t\t\t\t\tdata-frame_999=\"o:0;st:w;\"\n\t\t\t\t\t\t\t\tstyle=\"z-index:8;background-color:#fcb62e;font-family:'Roboto';\"\n\t\t\t\t\t\t\t>APLICA AHORA \n\t\t\t\t\t\t\t<\/a><!--\n-->\t\t\t\t\t\t<\/rs-slide>\n\t\t\t\t\t<\/rs-slides>\n\t\t\t\t<\/rs-module>\n\t\t\t\t<script>\n\t\t\t\t\tsetREVStartSize({c: 'rev_slider_6_1',rl:[1240,1240,1240,480],el:[750,750,750,345],gw:[2080,2080,2080,480],gh:[750,750,750,345],type:'standard',justify:'',layout:'fullwidth',mh:\"0\"});if (window.RS_MODULES!==undefined && window.RS_MODULES.modules!==undefined && window.RS_MODULES.modules[\"revslider61\"]!==undefined) {window.RS_MODULES.modules[\"revslider61\"].once = false;window.revapi6 = undefined;if (window.RS_MODULES.checkMinimal!==undefined) window.RS_MODULES.checkMinimal()}\n\t\t\t\t<\/script>\n\t\t\t<\/rs-module-wrap>\n\t\t\t<!-- END REVOLUTION SLIDER -->\n[\/vc_column][\/vc_row][vc_row full_width=\u00bbstretch_row\u00bb woodmart_disable_overflow=\u00bb1&#8243; css=\u00bb.vc_custom_1720744711701{padding-top: 50px !important;padding-bottom: 60px !important;}\u00bb woodmart_css_id=\u00bb66907b0027812&#8243; responsive_spacing=\u00bbeyJwYXJhbV90eXBlIjoid29vZG1hcnRfcmVzcG9uc2l2ZV9zcGFjaW5nIiwic2VsZWN0b3JfaWQiOiI2NjkwN2IwMDI3ODEyIiwic2hvcnRjb2RlIjoidmNfcm93IiwiZGF0YSI6eyJ0YWJsZXQiOnt9LCJtb2JpbGUiOnt9fX0=\u00bb mobile_bg_img_hidden=\u00bbno\u00bb tablet_bg_img_hidden=\u00bbno\u00bb woodmart_parallax=\u00bb0&#8243; woodmart_gradient_switch=\u00bbno\u00bb row_reverse_mobile=\u00bb0&#8243; row_reverse_tablet=\u00bb0&#8243; woodmart_box_shadow=\u00bbno\u00bb wd_z_index=\u00bbno\u00bb][vc_column 0=\u00bb\u00bb woodmart_css_id=\u00bb60f6db3d60308&#8243; responsive_spacing=\u00bbeyJwYXJhbV90eXBlIjoid29vZG1hcnRfcmVzcG9uc2l2ZV9zcGFjaW5nIiwic2VsZWN0b3JfaWQiOiI2MGY2ZGIzZDYwMzA4Iiwic2hvcnRjb2RlIjoidmNfY29sdW1uIiwiZGF0YSI6eyJ0YWJsZXQiOnt9LCJtb2JpbGUiOnt9fX0=\u00bb parallax_scroll=\u00bbno\u00bb mobile_bg_img_hidden=\u00bbno\u00bb tablet_bg_img_hidden=\u00bbno\u00bb woodmart_parallax=\u00bb0&#8243; woodmart_sticky_column=\u00bbfalse\u00bb mobile_reset_margin=\u00bbno\u00bb tablet_reset_margin=\u00bbno\u00bb css=\u00bb.vc_custom_1626790719905{padding-top: 0px !important;}\u00bb]\n\t\t<div id=\"wd-6859dfaf69240\" class=\"title-wrapper wd-wpb set-mb-s reset-last-child  wd-rs-6859dfaf69240 wd-title-color-alt wd-title-style-default wd-width-100 text-center vc_custom_1750720437852 wd-underline-colored\">\n\t\t\t\n\t\t\t<div class=\"liner-continer\">\n\t\t\t\t<h2 class=\"woodmart-title-container title  wd-font-weight- wd-fontsize-xl\" >Inscripci\u00f3n de Safekey 2025-2026<\/h2>\n\t\t\t\t\t\t\t<\/div>\n\t\t\t\n\t\t\t\n\t\t\t\n\t\t<\/div>\n\t\t\n\t\t[vc_row_inner el_class=\u00bbmin-height-equals\u00bb woodmart_css_id=\u00bb66907847af25b\u00bb responsive_spacing=\u00bbeyJwYXJhbV90eXBlIjoid29vZG1hcnRfcmVzcG9uc2l2ZV9zcGFjaW5nIiwic2VsZWN0b3JfaWQiOiI2NjkwNzg0N2FmMjViIiwic2hvcnRjb2RlIjoidmNfcm93X2lubmVyIiwiZGF0YSI6eyJ0YWJsZXQiOnt9LCJtb2JpbGUiOnt9fX0=\u00bb mobile_bg_img_hidden=\u00bbno\u00bb tablet_bg_img_hidden=\u00bbno\u00bb woodmart_parallax=\u00bb0&#8243; woodmart_gradient_switch=\u00bbno\u00bb woodmart_box_shadow=\u00bbno\u00bb wd_z_index=\u00bbno\u00bb woodmart_disable_overflow=\u00bb0&#8243; row_reverse_mobile=\u00bb0&#8243; row_reverse_tablet=\u00bb0&#8243;][vc_column_inner width=\u00bb1\/2&#8243;]\t\t<div id=\"wd-6859dfc84346d\" class=\"wd-text-block wd-wpb reset-last-child wd-rs-6859dfc84346d wd-width-100 text-left  min-height-text\">\n\t\t\t<p style=\"text-align: center;\"><span style=\"font-weight: 400;\">El pr\u00f3ximo a\u00f1o escolar comienza el 11 de agosto de 2025, y la ciudad de Las Vegas invita a sus hijos a disfrutar de otro a\u00f1o de programaci\u00f3n divertida y atractiva. <\/span><span style=\"font-weight: 400;\">La inscripci\u00f3n para Safekey es solo en l\u00ednea y estar\u00e1 abierta para el nuevo a\u00f1o escolar el miercoles, 9 de julio. Las nuevas familias pueden crear una cuenta e inscribirse accediendo al portal a continuaci\u00f3n.<\/span><\/p>\n\t\t<\/div>\n\t\t[vc_btn title=\u00bbPortal de Inscripci\u00f3n\u00bb style=\u00bbcustom\u00bb custom_background=\u00bb#fcb62e\u00bb custom_text=\u00bb#ffffff\u00bb size=\u00bblg\u00bb align=\u00bbcenter\u00bb link=\u00bburl:https%3A%2F%2Fdaycareworks.com%2Fregistration%2Fclvsafekey%2Fstart_registration.jsp|target:_blank\u00bb el_class=\u00bbbutton-general\u00bb css=\u00bb.vc_custom_1720746294888{margin-bottom: 0px !important;}\u00bb]\t\t<div id=\"wd-669081782ab82\" class=\"wd-text-block wd-wpb reset-last-child wd-rs-669081782ab82 wd-width-100 text-left vc_custom_1720746365942\">\n\t\t\t<p style=\"text-align: center;\"><em><span style=\"font-weight: 400;\">(Para Nuevos Clientes)<\/span><\/em><\/p>\n\t\t<\/div>\n\t\t[\/vc_column_inner][vc_column_inner width=\u00bb1\/2&#8243;]\t\t<div id=\"wd-669081970da3e\" class=\"wd-text-block wd-wpb reset-last-child wd-rs-669081970da3e wd-width-100 text-left  min-height-text\">\n\t\t\t<p style=\"text-align: center;\"><span style=\"font-weight: 400;\">Las familias que ya tienen una cuenta pueden iniciar sesi\u00f3n en su cuenta en l\u00ednea e inscribirse accediendo al Connect Portal a continuaci\u00f3n. Las familias deben hacer clic en la pesta\u00f1a de Inscripci\u00f3n en su cuenta en l\u00ednea y seleccionar la escuela espec\u00edfica a la que asistir\u00e1 su hijo. Recuerde actualizar el grado de su hijo.<\/span><\/p>\n\t\t<\/div>\n\t\t[vc_btn title=\u00bbPortal de Familia\u00bb style=\u00bbcustom\u00bb custom_background=\u00bb#003399&#8243; custom_text=\u00bb#ffffff\u00bb size=\u00bblg\u00bb align=\u00bbcenter\u00bb link=\u00bburl:https%3A%2F%2Ffamily.daycareworks.com%2Flogin.jsp|target:_blank\u00bb el_class=\u00bbbutton-general\u00bb css=\u00bb.vc_custom_1720746332730{margin-bottom: 0px !important;}\u00bb]\t\t<div id=\"wd-6690815da3845\" class=\"wd-text-block wd-wpb reset-last-child wd-rs-6690815da3845 wd-width-100 text-left vc_custom_1720746359384\">\n\t\t\t<p style=\"text-align: center;\"><em>(Para clientes recurrentes y pagos Safekey)<\/em><\/p>\n\t\t<\/div>\n\t\t[\/vc_column_inner][\/vc_row_inner][\/vc_column][\/vc_row][vc_row full_width=\u00bbstretch_row\u00bb disable_element=\u00bbyes\u00bb woodmart_disable_overflow=\u00bb1&#8243; css=\u00bb.vc_custom_1731008671370{padding-top: 60px !important;padding-bottom: 60px !important;background-color: #f3f3f3 !important;}\u00bb woodmart_css_id=\u00bb672d189a78bc4&#8243; responsive_spacing=\u00bbeyJwYXJhbV90eXBlIjoid29vZG1hcnRfcmVzcG9uc2l2ZV9zcGFjaW5nIiwic2VsZWN0b3JfaWQiOiI2NzJkMTg5YTc4YmM0Iiwic2hvcnRjb2RlIjoidmNfcm93IiwiZGF0YSI6eyJ0YWJsZXQiOnsibWFyZ2luLWJvdHRvbSI6IjYwcHgifSwibW9iaWxlIjp7Im1hcmdpbi1ib3R0b20iOiI0MHB4In19fQ==\u00bb mobile_bg_img_hidden=\u00bbno\u00bb tablet_bg_img_hidden=\u00bbno\u00bb woodmart_parallax=\u00bb0&#8243; woodmart_gradient_switch=\u00bbno\u00bb row_reverse_mobile=\u00bb0&#8243; row_reverse_tablet=\u00bb0&#8243; woodmart_box_shadow=\u00bbno\u00bb wd_z_index=\u00bbno\u00bb el_class=\u00bbsection-two\u00bb el_id=\u00bbsection-two\u00bb][vc_column 0=\u00bb\u00bb woodmart_css_id=\u00bb60f6db3d60308&#8243; responsive_spacing=\u00bbeyJwYXJhbV90eXBlIjoid29vZG1hcnRfcmVzcG9uc2l2ZV9zcGFjaW5nIiwic2VsZWN0b3JfaWQiOiI2MGY2ZGIzZDYwMzA4Iiwic2hvcnRjb2RlIjoidmNfY29sdW1uIiwiZGF0YSI6eyJ0YWJsZXQiOnt9LCJtb2JpbGUiOnt9fX0=\u00bb parallax_scroll=\u00bbno\u00bb mobile_bg_img_hidden=\u00bbno\u00bb tablet_bg_img_hidden=\u00bbno\u00bb woodmart_parallax=\u00bb0&#8243; woodmart_sticky_column=\u00bbfalse\u00bb mobile_reset_margin=\u00bbno\u00bb tablet_reset_margin=\u00bbno\u00bb css=\u00bb.vc_custom_1626790719905{padding-top: 0px !important;}\u00bb][vc_single_image image=\u00bb7906&#8243; img_size=\u00bb165&#215;207&#8243; alignment=\u00bbcenter\u00bb onclick=\u00bbcustom_link\u00bb parallax_scroll=\u00bbno\u00bb woodmart_inline=\u00bbno\u00bb css=\u00bb.vc_custom_1672257937099{margin-bottom: 20px !important;}\u00bb link=\u00bbhttps:\/\/www.clvstrongstartes.org\/es\/aplica-ahora\/\u00bb][vc_btn title=\u00bbAPLICA AHORA\u00bb style=\u00bbcustom\u00bb custom_background=\u00bb#fcb62e\u00bb custom_text=\u00bb#ffffff\u00bb size=\u00bblg\u00bb align=\u00bbcenter\u00bb link=\u00bburl:https%3A%2F%2Fwww.clvstrongstartes.org%2Fes%2Faplica-ahora%2F\u00bb el_class=\u00bbbutton-general\u00bb css=\u00bb.vc_custom_1672257874723{margin-bottom: 0px !important;}\u00bb][\/vc_column][\/vc_row][vc_row full_width=\u00bbstretch_row\u00bb woodmart_bg_position=\u00bbleft-bottom\u00bb woodmart_disable_overflow=\u00bb1&#8243; css=\u00bb.vc_custom_1655943249628{margin-bottom: 5px !important;padding-top: 60px !important;padding-bottom: 60px !important;background-color: #009cea !important;background-position: 0 0 !important;background-repeat: no-repeat !important;}\u00bb mobile_bg_img_hidden=\u00bbno\u00bb tablet_bg_img_hidden=\u00bbno\u00bb woodmart_parallax=\u00bb0&#8243; woodmart_gradient_switch=\u00bbno\u00bb row_reverse_mobile=\u00bb0&#8243; row_reverse_tablet=\u00bb0&#8243; woodmart_css_id=\u00bb62b3b04bb87e4&#8243; responsive_spacing=\u00bbeyJwYXJhbV90eXBlIjoid29vZG1hcnRfcmVzcG9uc2l2ZV9zcGFjaW5nIiwic2VsZWN0b3JfaWQiOiI2MmIzYjA0YmI4N2U0Iiwic2hvcnRjb2RlIjoidmNfcm93IiwiZGF0YSI6eyJ0YWJsZXQiOnsicGFkZGluZy1ib3R0b20iOiI0MHB4In0sIm1vYmlsZSI6eyJwYWRkaW5nLWJvdHRvbSI6IjIwcHgifX19&#8243; woodmart_box_shadow=\u00bbno\u00bb wd_z_index=\u00bbno\u00bb el_class=\u00bbsection-three\u00bb el_id=\u00bbsection-three\u00bb][vc_column 0=\u00bb\u00bb woodmart_css_id=\u00bb60f6db41c3970&#8243; responsive_spacing=\u00bbeyJwYXJhbV90eXBlIjoid29vZG1hcnRfcmVzcG9uc2l2ZV9zcGFjaW5nIiwic2VsZWN0b3JfaWQiOiI2MGY2ZGI0MWMzOTcwIiwic2hvcnRjb2RlIjoidmNfY29sdW1uIiwiZGF0YSI6eyJ0YWJsZXQiOnt9LCJtb2JpbGUiOnt9fX0=\u00bb parallax_scroll=\u00bbno\u00bb mobile_bg_img_hidden=\u00bbno\u00bb tablet_bg_img_hidden=\u00bbno\u00bb woodmart_parallax=\u00bb0&#8243; woodmart_sticky_column=\u00bbfalse\u00bb mobile_reset_margin=\u00bbno\u00bb tablet_reset_margin=\u00bbno\u00bb css=\u00bb.vc_custom_1626790724321{padding-top: 0px !important;}\u00bb]\n\t\t<div id=\"wd-62c8852c7bace\" class=\"title-wrapper wd-wpb set-mb-s reset-last-child  wd-rs-62c8852c7bace wd-title-color-default wd-title-style-default wd-width-100 text-center vc_custom_1657308476260 wd-underline-colored\">\n\t\t\t\n\t\t\t<div class=\"liner-continer\">\n\t\t\t\t<h2 class=\"woodmart-title-container title  wd-font-weight- wd-fontsize-xl\" >ESCUELA PRIMARIA STRONG START ACADEMY<br \/>\nEN EL CENTRO DE EDUCACI\u00d3N TONY HSIEH<\/h2>\n\t\t\t\t\t\t\t<\/div>\n\t\t\t\n\t\t\t\n\t\t\t\n\t\t<\/div>\n\t\t\n\t\t[vc_row_inner][vc_column_inner width=\u00bb1\/6&#8243;][\/vc_column_inner][vc_column_inner width=\u00bb2\/3&#8243;][vc_column_text woodmart_inline=\u00bbno\u00bb text_larger=\u00bbno\u00bb css=\u00bb.vc_custom_1657308763546{margin-bottom: 0px !important;}\u00bb]<\/p>\n<div id=\"wd-625dd423aa2ab\" class=\"title-wrapper wd-wpb set-mb-s reset-last-child wd-rs-625dd423aa2ab wd-title-color-default wd-title-style-default wd-width-100 text-center vc_custom_1650316349562 wd-underline-colored\">\n<div class=\"title-after_title set-cont-mb-s reset-last-child wd-fontsize-s\" style=\"text-align: center;\"><span style=\"color: #ffffff;\">\u00a1Estamos emocionados de traer un modelo de instrucci\u00f3n en dos idiomas a nuestra comunidad de Las Vegas!<\/span><br \/>\n<span style=\"color: #ffffff;\">La Escuela Primaria Strong Start Academy en el Centro de Educaci\u00f3n Tony Hsieh es una nueva escuela ch\u00e1rter patrocinada por la Ciudad de Las Vegas que abrir\u00e1 este oto\u00f1o en el centro de la ciudad. De acuerdo a los estudios de las Academias Nacionales de Ciencias, Ingenier\u00eda y Medicina, a diferencia de estudiantes en un entorno monoling\u00fce, los que participan en programas biling\u00fces tienen un mejor desempe\u00f1o acad\u00e9mico; independientemente de que su idioma nativo sea ingl\u00e9s, que sean estudiantes de nivel socioecon\u00f3mico bajo \u00f3 sean estudiantes de ingl\u00e9s como segundo idioma. \u00a1Nuestro objetivo es equipar a todos nuestros estudiantes con una educaci\u00f3n de alta calidad, que tambi\u00e9n se enfoque en producir estudiantes biling\u00fces e instruidos en ingl\u00e9s y espa\u00f1ol!\u00a0<\/span><\/div>\n<\/div>\n<p>[\/vc_column_text][\/vc_column_inner][vc_column_inner width=\u00bb1\/6&#8243;][\/vc_column_inner][\/vc_row_inner][\/vc_column][\/vc_row][vc_row full_width=\u00bbstretch_row\u00bb disable_element=\u00bbyes\u00bb woodmart_bg_position=\u00bbleft-bottom\u00bb woodmart_disable_overflow=\u00bb1&#8243; css=\u00bb.vc_custom_1655943242304{padding-top: 60px !important;padding-bottom: 60px !important;background-color: #f3f3f3 !important;background-position: 0 0 !important;background-repeat: no-repeat !important;}\u00bb mobile_bg_img_hidden=\u00bbno\u00bb tablet_bg_img_hidden=\u00bbno\u00bb woodmart_parallax=\u00bb0&#8243; woodmart_gradient_switch=\u00bbno\u00bb row_reverse_mobile=\u00bb0&#8243; row_reverse_tablet=\u00bb0&#8243; woodmart_css_id=\u00bb62b3b04734262&#8243; responsive_spacing=\u00bbeyJwYXJhbV90eXBlIjoid29vZG1hcnRfcmVzcG9uc2l2ZV9zcGFjaW5nIiwic2VsZWN0b3JfaWQiOiI2MmIzYjA0NzM0MjYyIiwic2hvcnRjb2RlIjoidmNfcm93IiwiZGF0YSI6eyJ0YWJsZXQiOnsicGFkZGluZy1ib3R0b20iOiI0MHB4In0sIm1vYmlsZSI6eyJwYWRkaW5nLWJvdHRvbSI6IjIwcHgifX19&#8243; woodmart_box_shadow=\u00bbno\u00bb wd_z_index=\u00bbno\u00bb el_class=\u00bbsection-four\u00bb el_id=\u00bbsection-four\u00bb][vc_column 0=\u00bb\u00bb woodmart_css_id=\u00bb60f6db41c3970&#8243; responsive_spacing=\u00bbeyJwYXJhbV90eXBlIjoid29vZG1hcnRfcmVzcG9uc2l2ZV9zcGFjaW5nIiwic2VsZWN0b3JfaWQiOiI2MGY2ZGI0MWMzOTcwIiwic2hvcnRjb2RlIjoidmNfY29sdW1uIiwiZGF0YSI6eyJ0YWJsZXQiOnt9LCJtb2JpbGUiOnt9fX0=\u00bb parallax_scroll=\u00bbno\u00bb mobile_bg_img_hidden=\u00bbno\u00bb tablet_bg_img_hidden=\u00bbno\u00bb woodmart_parallax=\u00bb0&#8243; woodmart_sticky_column=\u00bbfalse\u00bb mobile_reset_margin=\u00bbno\u00bb tablet_reset_margin=\u00bbno\u00bb css=\u00bb.vc_custom_1626790724321{padding-top: 0px !important;}\u00bb]\n\t\t<div id=\"wd-625efa2d109f5\" class=\"title-wrapper wd-wpb set-mb-s reset-last-child  wd-rs-625efa2d109f5 wd-title-color-default wd-title-style-default wd-width-100 text-center vc_custom_1650391603554 wd-underline-colored\">\n\t\t\t\n\t\t\t<div class=\"liner-continer\">\n\t\t\t\t<h2 class=\"woodmart-title-container title  wd-font-weight- wd-fontsize-xl\" >POL\u00cdTICA DE LOTER\u00cdA<\/h2>\n\t\t\t\t\t\t\t<\/div>\n\t\t\t\n\t\t\t\n\t\t\t\n\t\t<\/div>\n\t\t\n\t\t[vc_row_inner][vc_column_inner width=\u00bb1\/2&#8243;][vc_single_image image=\u00bb7368&#8243; img_size=\u00bbfull\u00bb alignment=\u00bbcenter\u00bb onclick=\u00bblink_image\u00bb parallax_scroll=\u00bbno\u00bb woodmart_inline=\u00bbno\u00bb css=\u00bb.vc_custom_1650391663361{margin-bottom: 0px !important;}\u00bb][\/vc_column_inner][vc_column_inner width=\u00bb1\/2&#8243;][vc_single_image image=\u00bb7369&#8243; img_size=\u00bbfull\u00bb alignment=\u00bbcenter\u00bb onclick=\u00bblink_image\u00bb parallax_scroll=\u00bbno\u00bb woodmart_inline=\u00bbno\u00bb css=\u00bb.vc_custom_1650391669014{margin-bottom: 0px !important;}\u00bb][\/vc_column_inner][\/vc_row_inner][\/vc_column][\/vc_row]<\/p>\n","protected":false},"excerpt":{"rendered":"<p>[vc_row css=\u00bb.vc_custom_1650312590740{margin-top: -40px !important;margin-bottom: 0px !important;padding-top: 0px !important;}\u00bb mobile_bg_img_hidden=\u00bbno\u00bb woodmart_parallax=\u00bb0&#8243; woodmart_gradient_switch=\u00bbno\u00bb row_reverse_mobile=\u00bb0&#8243; row_reverse_tablet=\u00bb0&#8243; woodmart_disable_overflow=\u00bb0&#8243; wd_z_index=\u00bbno\u00bb woodmart_css_id=\u00bb625dc586cc250&#8243; responsive_spacing=\u00bbeyJwYXJhbV90eXBlIjoid29vZG1hcnRfcmVzcG9uc2l2ZV9zcGFjaW5nIiwic2VsZWN0b3JfaWQiOiI2MjVkYzU4NmNjMjUwIiwic2hvcnRjb2RlIjoidmNfcm93IiwiZGF0YSI6eyJ0YWJsZXQiOnt9LCJtb2JpbGUiOnsibWFyZ2luLWJvdHRvbSI6IjYwcHgifX19&#8243; tablet_bg_img_hidden=\u00bbno\u00bb woodmart_box_shadow=\u00bbno\u00bb el_class=\u00bbsection-one\u00bb<\/p>\n","protected":false},"author":1,"featured_media":0,"parent":0,"menu_order":0,"comment_status":"closed","ping_status":"closed","template":"","meta":{"footnotes":""},"class_list":["post-3873","page","type-page","status-publish","hentry"],"_links":{"self":[{"href":"https:\/\/www.clvstrongstartes.org\/es\/wp-json\/wp\/v2\/pages\/3873","targetHints":{"allow":["GET"]}}],"collection":[{"href":"https:\/\/www.clvstrongstartes.org\/es\/wp-json\/wp\/v2\/pages"}],"about":[{"href":"https:\/\/www.clvstrongstartes.org\/es\/wp-json\/wp\/v2\/types\/page"}],"author":[{"embeddable":true,"href":"https:\/\/www.clvstrongstartes.org\/es\/wp-json\/wp\/v2\/users\/1"}],"replies":[{"embeddable":true,"href":"https:\/\/www.clvstrongstartes.org\/es\/wp-json\/wp\/v2\/comments?post=3873"}],"version-history":[{"count":77,"href":"https:\/\/www.clvstrongstartes.org\/es\/wp-json\/wp\/v2\/pages\/3873\/revisions"}],"predecessor-version":[{"id":8496,"href":"https:\/\/www.clvstrongstartes.org\/es\/wp-json\/wp\/v2\/pages\/3873\/revisions\/8496"}],"wp:attachment":[{"href":"https:\/\/www.clvstrongstartes.org\/es\/wp-json\/wp\/v2\/media?parent=3873"}],"curies":[{"name":"wp","href":"https:\/\/api.w.org\/{rel}","templated":true}]}}